{"id":37828,"date":"2023-03-10T07:21:24","date_gmt":"2023-03-10T07:21:24","guid":{"rendered":"https:\/\/www.mimozaholiday.com\/center-zasebnosti\/"},"modified":"2023-10-04T11:12:21","modified_gmt":"2023-10-04T09:12:21","slug":"datenschutzcenter","status":"publish","type":"page","link":"https:\/\/www.mimozaholiday.com\/de\/datenschutzcenter\/","title":{"rendered":"Datenschutzcenter"},"content":{"rendered":"<div class=\"wordpress-gdpr-privacy-center\"><div class=\"wordpress-gdpr-privacy-center-items\"><a href=\"https:\/\/www.mimozaholiday.com\/kontakt-dpo\/\" class=\"wordpress-gdpr-privacy-center-item\"><div class=\"wordpress-gdpr-privacy-center-item-contactDPO\"><i class=\"fa fa-user-circle-o\"><\/i><h2 class=\"wordpress-gdpr-privacy-center-item-headline\">Kontaktieren Sie unseren Datenschutzbeauftragten<\/h2><p class=\"wordpress-gdpr-privacy-center-item-desc\">Kontaktieren Sie unseren Datenschutzbeauftragten.<\/p><div class=\"wordpress-gdpr-privacy-center-item-action\">Weitere Informationen<\/div><\/div><\/a><a href=\"https:\/\/www.mimozaholiday.com\/o-piskotkih\/\" class=\"wordpress-gdpr-privacy-center-item\"><div class=\"wordpress-gdpr-privacy-center-item-cookiePolicy\"><i class=\"fa  fa-list-alt\"><\/i><h2 class=\"wordpress-gdpr-privacy-center-item-headline\">Cookie-Richtlinien<\/h2><p class=\"wordpress-gdpr-privacy-center-item-desc\">Lesen Sie mehr \u00fcber unsere Cookie-Richtlinien.<\/p><div class=\"wordpress-gdpr-privacy-center-item-action\">Weitere Informationen<\/div><\/div><\/a><a href=\"https:\/\/www.mimozaholiday.com\/urejanje-osebnih-podatkov\/\" class=\"wordpress-gdpr-privacy-center-item wordpress-gdpr-privacy-center-item-last\"><div class=\"wordpress-gdpr-privacy-center-item-dataRectification\"><i class=\"fa fa-pencil\"><\/i><h2 class=\"wordpress-gdpr-privacy-center-item-headline\">Datenberichtigung<\/h2><p class=\"wordpress-gdpr-privacy-center-item-desc\">Kontaktieren Sie uns f\u00fcr eine Daten\u00e4nderungsanfrage.<\/p><div class=\"wordpress-gdpr-privacy-center-item-action\">Weitere Informationen<\/div><\/div><\/a><a href=\"https:\/\/www.mimozaholiday.com\/izbris-osebnih-podatkov\/\" class=\"wordpress-gdpr-privacy-center-item\"><div class=\"wordpress-gdpr-privacy-center-item-forgetMe\"><i class=\"fa fa-eraser\"><\/i><h2 class=\"wordpress-gdpr-privacy-center-item-headline\">Recht auf vergessen<\/h2><p class=\"wordpress-gdpr-privacy-center-item-desc\">Senden Sie eine Anfrage zum L\u00f6schen Ihrer privaten Daten.<\/p><div class=\"wordpress-gdpr-privacy-center-item-action\">Weitere Informationen<\/div><\/div><\/a><a href=\"https:\/\/www.mimozaholiday.com\/izpis-osebnih-podatkov\/\" class=\"wordpress-gdpr-privacy-center-item\"><div class=\"wordpress-gdpr-privacy-center-item-requestData\"><i class=\"fa fa-database\"><\/i><h2 class=\"wordpress-gdpr-privacy-center-item-headline\">Daten anfordern<\/h2><p class=\"wordpress-gdpr-privacy-center-item-desc\">Senden Sie eine Anfrage, um eine Kopie aller Ihrer gespeicherten Daten zu erhalten.<\/p><div class=\"wordpress-gdpr-privacy-center-item-action\">Weitere Informationen<\/div><\/div><\/a><a href=\"https:\/\/www.mimozaholiday.com\/center-zasebnosti\/politika-zasebnosti\/\" class=\"wordpress-gdpr-privacy-center-item wordpress-gdpr-privacy-center-item-last\"><div class=\"wordpress-gdpr-privacy-center-item-privacyPolicy\"><i class=\"fa fa-file-text\"><\/i><h2 class=\"wordpress-gdpr-privacy-center-item-headline\">Datenschutzerkl\u00e4rung<\/h2><p class=\"wordpress-gdpr-privacy-center-item-desc\">Lesen Sie hier unsere Datenschutzrichtlinie.<\/p><div class=\"wordpress-gdpr-privacy-center-item-action\">Weitere Informationen<\/div><\/div><\/a><a href=\"#\" class=\"wordpress-gdpr-privacy-center-item wordpress-gdpr-open-privacy-settings-modal\"><div class=\"wordpress-gdpr-privacy-center-item-privacySettings\"><i class=\"fa fa-user-secret\"><\/i><h2 class=\"wordpress-gdpr-privacy-center-item-headline\">Datenschutz-Einstellungen<\/h2><p class=\"wordpress-gdpr-privacy-center-item-desc\">Konfigurieren Sie hier Ihre pers\u00f6nlichen Datenschutzeinstellungen.<\/p><div class=\"wordpress-gdpr-privacy-center-item-action\">Weitere Informationen<\/div><\/div><\/a><\/div><\/div>\n","protected":false},"excerpt":{"rendered":"<p>Kontaktieren Sie unseren DatenschutzbeauftragtenKontaktieren Sie unseren Datenschutzbeauftragten.Weitere InformationenCookie-RichtlinienLesen Sie mehr \u00fcber unsere Cookie-Richtlinien.Weitere InformationenDatenberichtigungKontaktieren Sie uns f\u00fcr eine Daten\u00e4nderungsanfrage.Weitere InformationenRecht auf vergessenSenden Sie eine Anfrage zum L\u00f6schen Ihrer privaten Daten.Weitere InformationenDaten anfordernSenden Sie eine Anfrage, um eine Kopie aller Ihrer gespeicherten Daten zu erhalten.Weitere InformationenDatenschutzerkl\u00e4rungLesen Sie hier unsere Datenschutzrichtlinie.Weitere InformationenDatenschutz-EinstellungenKonfigurieren Sie hier Ihre pers\u00f6nlichen Datenschutzeinstellungen.Weitere&hellip;<\/p>\n","protected":false},"author":3,"featured_media":0,"parent":0,"menu_order":0,"comment_status":"closed","ping_status":"closed","template":"","meta":{"footnotes":""},"class_list":["post-37828","page","type-page","status-publish","hentry","description-off"],"_links":{"self":[{"href":"https:\/\/www.mimozaholiday.com\/de\/wp-json\/wp\/v2\/pages\/37828","targetHints":{"allow":["GET"]}}],"collection":[{"href":"https:\/\/www.mimozaholiday.com\/de\/wp-json\/wp\/v2\/pages"}],"about":[{"href":"https:\/\/www.mimozaholiday.com\/de\/wp-json\/wp\/v2\/types\/page"}],"author":[{"embeddable":true,"href":"https:\/\/www.mimozaholiday.com\/de\/wp-json\/wp\/v2\/users\/3"}],"replies":[{"embeddable":true,"href":"https:\/\/www.mimozaholiday.com\/de\/wp-json\/wp\/v2\/comments?post=37828"}],"version-history":[{"count":1,"href":"https:\/\/www.mimozaholiday.com\/de\/wp-json\/wp\/v2\/pages\/37828\/revisions"}],"predecessor-version":[{"id":37831,"href":"https:\/\/www.mimozaholiday.com\/de\/wp-json\/wp\/v2\/pages\/37828\/revisions\/37831"}],"wp:attachment":[{"href":"https:\/\/www.mimozaholiday.com\/de\/wp-json\/wp\/v2\/media?parent=37828"}],"curies":[{"name":"wp","href":"https:\/\/api.w.org\/{rel}","templated":true}]}}